{"id":518,"date":"2024-11-21T13:17:30","date_gmt":"2024-11-21T13:17:30","guid":{"rendered":"https:\/?page_id=518"},"modified":"2026-02-09T08:46:11","modified_gmt":"2026-02-09T08:46:11","slug":"kontakt","status":"publish","type":"page","link":"https:\/\/ginelux.com\/de\/kontakt\/","title":{"rendered":"Kontakt"},"content":{"rendered":"\t\t<div data-elementor-type=\"wp-page\" data-elementor-id=\"518\" class=\"elementor elementor-518\" data-elementor-post-type=\"page\">\n\t\t\t\t<div class=\"elementor-element elementor-element-7773778 e-flex e-con-boxed e-con e-parent\" data-id=\"7773778\" data-element_type=\"container\" data-e-type=\"container\">\n\t\t\t\t\t<div class=\"e-con-inner\">\n\t\t<div class=\"elementor-element elementor-element-41f5527 e-con-full e-flex e-con e-child\" data-id=\"41f5527\" data-element_type=\"container\" data-e-type=\"container\">\n\t\t<div class=\"elementor-element elementor-element-eea87bb e-con-full elementor-hidden-mobile e-flex e-con e-child\" data-id=\"eea87bb\" data-element_type=\"container\" data-e-type=\"container\">\n\t\t\t\t<div class=\"elementor-element elementor-element-4a2bc5e elementor-widget elementor-widget-text-editor\" data-id=\"4a2bc5e\" data-element_type=\"widget\" data-e-type=\"widget\" data-widget_type=\"text-editor.default\">\n\t\t\t\t<div class=\"elementor-widget-container\">\n\t\t\t\t\t\t\t\t\t<p>Cont\u00e1ctanos<\/p>\t\t\t\t\t\t\t\t<\/div>\n\t\t\t\t<\/div>\n\t\t\t\t<div class=\"elementor-element elementor-element-739117b elementor-widget elementor-widget-heading\" data-id=\"739117b\" data-element_type=\"widget\" data-e-type=\"widget\" data-widget_type=\"heading.default\">\n\t\t\t\t<div class=\"elementor-widget-container\">\n\t\t\t\t\t<h2 class=\"elementor-heading-title elementor-size-default\">Nos encantar\u00eda hablar contigo<\/h2>\t\t\t\t<\/div>\n\t\t\t\t<\/div>\n\t\t\t\t<\/div>\n\t\t<div class=\"elementor-element elementor-element-19ec030 e-con-full e-flex e-con e-child\" data-id=\"19ec030\" data-element_type=\"container\" data-e-type=\"container\">\n\t\t\t\t<div class=\"elementor-element elementor-element-047880d elementor-widget elementor-widget-text-editor\" data-id=\"047880d\" data-element_type=\"widget\" data-e-type=\"widget\" data-widget_type=\"text-editor.default\">\n\t\t\t\t<div class=\"elementor-widget-container\">\n\t\t\t\t\t\t\t\t\t<p>Escribenos todas tus preguntas sobre nuestros servicios. Estamos a tu disposici\u00f3n.<\/p>\t\t\t\t\t\t\t\t<\/div>\n\t\t\t\t<\/div>\n\t\t\t\t<div class=\"elementor-element elementor-element-0a856a2 e-n-tabs-mobile elementor-widget elementor-widget-n-tabs\" data-id=\"0a856a2\" data-element_type=\"widget\" data-e-type=\"widget\" data-settings=\"{&quot;tabs_justify_horizontal&quot;:&quot;stretch&quot;,&quot;horizontal_scroll&quot;:&quot;disable&quot;}\" data-widget_type=\"nested-tabs.default\">\n\t\t\t\t<div class=\"elementor-widget-container\">\n\t\t\t\t\t\t\t<div class=\"e-n-tabs\" data-widget-number=\"11032226\" aria-label=\"Pesta\u00f1as. Abre elementos con Intro o Espacio, ci\u00e9rralos con Escape y navega con las fechas.\">\n\t\t\t<div class=\"e-n-tabs-heading\" role=\"tablist\">\n\t\t\t\t\t<button id=\"e-n-tab-title-110322261\" data-tab-title-id=\"e-n-tab-title-110322261\" class=\"e-n-tab-title\" aria-selected=\"true\" data-tab-index=\"1\" role=\"tab\" tabindex=\"0\" aria-controls=\"e-n-tab-content-110322261\" style=\"--n-tabs-title-order: 1;\">\n\t\t\t\t\t\t<span class=\"e-n-tab-title-text\">\n\t\t\t\tYa soy paciente\t\t\t<\/span>\n\t\t<\/button>\n\t\t\t\t<button id=\"e-n-tab-title-110322262\" data-tab-title-id=\"e-n-tab-title-110322262\" class=\"e-n-tab-title\" aria-selected=\"false\" data-tab-index=\"2\" role=\"tab\" tabindex=\"-1\" aria-controls=\"e-n-tab-content-110322262\" style=\"--n-tabs-title-order: 2;\">\n\t\t\t\t\t\t<span class=\"e-n-tab-title-text\">\n\t\t\t\tPedir primera cita\t\t\t<\/span>\n\t\t<\/button>\n\t\t\t\t\t<\/div>\n\t\t\t<div class=\"e-n-tabs-content\">\n\t\t\t\t<div id=\"e-n-tab-content-110322261\" role=\"tabpanel\" aria-labelledby=\"e-n-tab-title-110322261\" data-tab-index=\"1\" style=\"--n-tabs-title-order: 1;\" class=\"e-active elementor-element elementor-element-49eddbc e-con-full e-flex e-con e-child\" data-id=\"49eddbc\" data-element_type=\"container\" data-e-type=\"container\">\n\t\t\t\t<div class=\"elementor-element elementor-element-489ae13 elementor-widget elementor-widget-html\" data-id=\"489ae13\" data-element_type=\"widget\" data-e-type=\"widget\" data-widget_type=\"html.default\">\n\t\t\t\t<div class=\"elementor-widget-container\">\n\t\t\t\t\t<div class=\"booking-iframe-container\"> \r\n <iframe id=\"booking-iframe\" class=\"booking-iframe\" width=\"100%\" src=\"\"><\/iframe>\r\n<script>\r\n\/\/ Set booking iframe\r\nconst bookingFrameContainer = document.querySelector(\".booking-iframe-container\");\r\nconst bookingIframe = document.querySelector(\"#booking-iframe\");\r\nconst urlSP = new URLSearchParams(window.location.search);\r\nconst speciality = urlSP.get(\"especialidad\");\r\nconst bookingParams = speciality ? `?speciality=${speciality}` : '';\r\nbookingIframe.src = \"https:\/\/ginelux.globalhds.net\/es\/booking-form\/\" + bookingParams;\r\nconsole.log('bookingIframe.src', bookingIframe.src);\r\n\r\n\/\/  Verifies if postMessage data is valid\r\nconst parseJSON = (str) => {\r\n  let jsonParsed;\r\n  try {\r\n    jsonParsed = JSON.parse(str);\r\n  } catch (e) {}\r\n  return jsonParsed;;\r\n}\r\n\r\n\/\/  Catch postMessage event\r\nwindow.addEventListener(\"message\", ({ data }) => {\r\n  const jsonData = parseJSON(data);\r\n  if (!jsonData){              \r\n    return false;   \r\n  }   \r\n\r\n  console.log('jsonData', jsonData);\r\n  if (jsonData?.type === \"SIZE_IFRAME\") {\r\n    const { height } = jsonData;\r\n    bookingIframe.style.height = `${height}px`;\r\n    bookingFrameContainer.style.height = `${height}px`;\r\n  }\r\n});\r\n<\/script>\r\n<\/div>\t\t\t\t<\/div>\n\t\t\t\t<\/div>\n\t\t\t\t<\/div>\n\t\t<div id=\"e-n-tab-content-110322262\" role=\"tabpanel\" aria-labelledby=\"e-n-tab-title-110322262\" data-tab-index=\"2\" style=\"--n-tabs-title-order: 2;\" class=\" elementor-element elementor-element-a0d8074 e-con-full e-flex e-con e-child\" data-id=\"a0d8074\" data-element_type=\"container\" data-e-type=\"container\">\n\t\t\t\t<div class=\"elementor-element elementor-element-50a1bd4 elementor-button-align-stretch elementor-widget elementor-widget-form\" data-id=\"50a1bd4\" data-element_type=\"widget\" data-e-type=\"widget\" data-settings=\"{&quot;step_next_label&quot;:&quot;Next&quot;,&quot;step_previous_label&quot;:&quot;Previous&quot;,&quot;button_width&quot;:&quot;100&quot;,&quot;step_type&quot;:&quot;number_text&quot;,&quot;step_icon_shape&quot;:&quot;circle&quot;}\" data-widget_type=\"form.default\">\n\t\t\t\t<div class=\"elementor-widget-container\">\n\t\t\t\t\t\t\t<form class=\"elementor-form\" method=\"post\" name=\"form\" aria-label=\"form\">\n\t\t\t<input type=\"hidden\" name=\"post_id\" value=\"518\"\/>\n\t\t\t<input type=\"hidden\" name=\"form_id\" value=\"50a1bd4\"\/>\n\t\t\t<input type=\"hidden\" name=\"referer_title\" value=\"Ginelux\" \/>\n\n\t\t\t\n\t\t\t<div class=\"elementor-form-fields-wrapper elementor-labels-\">\n\t\t\t\t\t\t\t\t<div class=\"elementor-field-type-text elementor-field-group elementor-column elementor-field-group-name elementor-col-100\">\n\t\t\t\t\t\t\t\t\t\t\t\t<label for=\"form-field-name\" class=\"elementor-field-label elementor-screen-only\">\n\t\t\t\t\t\t\t\tNombre\t\t\t\t\t\t\t<\/label>\n\t\t\t\t\t\t\t\t\t\t\t\t\t\t<input size=\"1\" type=\"text\" name=\"form_fields[name]\" id=\"form-field-name\" class=\"elementor-field elementor-size-sm  elementor-field-textual\" placeholder=\"Nombre\">\n\t\t\t\t\t\t\t\t\t\t\t<\/div>\n\t\t\t\t\t\t\t\t<div class=\"elementor-field-type-email elementor-field-group elementor-column elementor-field-group-email elementor-col-50 elementor-sm-50 elementor-field-required\">\n\t\t\t\t\t\t\t\t\t\t\t\t<label for=\"form-field-email\" class=\"elementor-field-label elementor-screen-only\">\n\t\t\t\t\t\t\t\tEmail\t\t\t\t\t\t\t<\/label>\n\t\t\t\t\t\t\t\t\t\t\t\t\t\t<input size=\"1\" type=\"email\" name=\"form_fields[email]\" id=\"form-field-email\" class=\"elementor-field elementor-size-sm  elementor-field-textual\" placeholder=\"Email\" required=\"required\">\n\t\t\t\t\t\t\t\t\t\t\t<\/div>\n\t\t\t\t\t\t\t\t<div class=\"elementor-field-type-tel elementor-field-group elementor-column elementor-field-group-field_0fa37bc elementor-col-50 elementor-sm-50 elementor-field-required\">\n\t\t\t\t\t\t\t\t\t\t\t\t<label for=\"form-field-field_0fa37bc\" class=\"elementor-field-label elementor-screen-only\">\n\t\t\t\t\t\t\t\tTel\u00e9fono\t\t\t\t\t\t\t<\/label>\n\t\t\t\t\t\t\t\t<input size=\"1\" type=\"tel\" name=\"form_fields[field_0fa37bc]\" id=\"form-field-field_0fa37bc\" class=\"elementor-field elementor-size-sm  elementor-field-textual\" placeholder=\"Tel\u00e9fono\" required=\"required\" pattern=\"[0-9()#&amp;+*-=.]+\" title=\"Nur Nummern oder Telefon-Zeichen (#, -, *, etc) werden akzeptiert.\">\n\n\t\t\t\t\t\t<\/div>\n\t\t\t\t\t\t\t\t<div class=\"elementor-field-type-textarea elementor-field-group elementor-column elementor-field-group-message elementor-col-100 elementor-sm-100\">\n\t\t\t\t\t\t\t\t\t\t\t\t<label for=\"form-field-message\" class=\"elementor-field-label elementor-screen-only\">\n\t\t\t\t\t\t\t\tMensaje\t\t\t\t\t\t\t<\/label>\n\t\t\t\t\t\t<textarea class=\"elementor-field-textual elementor-field  elementor-size-sm\" name=\"form_fields[message]\" id=\"form-field-message\" rows=\"4\" placeholder=\"Mensaje\"><\/textarea>\t\t\t\t<\/div>\n\t\t\t\t\t\t\t\t<div class=\"elementor-field-type-text\">\n\t\t\t\t\t<input size=\"1\" type=\"text\" name=\"form_fields[field_8ab273a]\" id=\"form-field-field_8ab273a\" class=\"elementor-field elementor-size-sm \" style=\"display:none !important;\">\t\t\t\t<\/div>\n\t\t\t\t\t\t\t\t<div class=\"elementor-field-type-recaptcha_v3 elementor-field-group elementor-column elementor-field-group-field_05beb86 elementor-col-100 recaptcha_v3-bottomright\">\n\t\t\t\t\t<div class=\"elementor-field\" id=\"form-field-field_05beb86\"><div class=\"elementor-g-recaptcha\" data-sitekey=\"6LeQKz0rAAAAADEgqXaWLmi9xIHXlf38AlFVqPWs\" data-type=\"v3\" data-action=\"Form\" data-badge=\"bottomright\" data-size=\"invisible\"><\/div><\/div>\t\t\t\t<\/div>\n\t\t\t\t\t\t\t\t<div class=\"elementor-field-group elementor-column elementor-field-type-submit elementor-col-100 e-form__buttons\">\n\t\t\t\t\t<button class=\"elementor-button elementor-size-sm\" type=\"submit\">\n\t\t\t\t\t\t<span class=\"elementor-button-content-wrapper\">\n\t\t\t\t\t\t\t\t\t\t\t\t\t\t\t\t\t\t\t\t\t\t<span class=\"elementor-button-text\">Enviar<\/span>\n\t\t\t\t\t\t\t\t\t\t\t\t\t<\/span>\n\t\t\t\t\t<\/button>\n\t\t\t\t<\/div>\n\t\t\t<\/div>\n\t\t<\/form>\n\t\t\t\t\t\t<\/div>\n\t\t\t\t<\/div>\n\t\t\t\t<\/div>\n\t\t\t\t\t<\/div>\n\t\t<\/div>\n\t\t\t\t\t\t<\/div>\n\t\t\t\t<\/div>\n\t\t\t\t<\/div>\n\t\t\t\t<\/div>\n\t\t<div class=\"elementor-element elementor-element-a9f1ec6 e-con-full e-flex e-con e-child\" data-id=\"a9f1ec6\" data-element_type=\"container\" data-e-type=\"container\">\n\t\t<div class=\"elementor-element elementor-element-b48cc33 e-con-full elementor-hidden-desktop elementor-hidden-tablet e-flex e-con e-child\" data-id=\"b48cc33\" data-element_type=\"container\" data-e-type=\"container\">\n\t\t\t\t<div class=\"elementor-element elementor-element-9ebafd8 elementor-widget elementor-widget-text-editor\" data-id=\"9ebafd8\" data-element_type=\"widget\" data-e-type=\"widget\" data-widget_type=\"text-editor.default\">\n\t\t\t\t<div class=\"elementor-widget-container\">\n\t\t\t\t\t\t\t\t\t<p>Cont\u00e1ctanos<\/p>\t\t\t\t\t\t\t\t<\/div>\n\t\t\t\t<\/div>\n\t\t\t\t<div class=\"elementor-element elementor-element-9ec75e1 elementor-widget elementor-widget-heading\" data-id=\"9ec75e1\" data-element_type=\"widget\" data-e-type=\"widget\" data-widget_type=\"heading.default\">\n\t\t\t\t<div class=\"elementor-widget-container\">\n\t\t\t\t\t<h2 class=\"elementor-heading-title elementor-size-default\">Nos encantar\u00eda hablar contigo<\/h2>\t\t\t\t<\/div>\n\t\t\t\t<\/div>\n\t\t\t\t<\/div>\n\t\t<div class=\"elementor-element elementor-element-f9fe0c2 e-con-full e-flex e-con e-child\" data-id=\"f9fe0c2\" data-element_type=\"container\" data-e-type=\"container\">\n\t\t\t\t<div class=\"elementor-element elementor-element-45e8e55 elementor-widget elementor-widget-image\" data-id=\"45e8e55\" data-element_type=\"widget\" data-e-type=\"widget\" data-widget_type=\"image.default\">\n\t\t\t\t<div class=\"elementor-widget-container\">\n\t\t\t\t\t\t\t\t\t\t\t\t\t\t\t<img fetchpriority=\"high\" decoding=\"async\" width=\"607\" height=\"654\" src=\"https:\/\/ginelux.com\/wp-content\/uploads\/2025\/01\/resolvemos-todas-tus-dudas-ginelux-2.png\" class=\"attachment-large size-large wp-image-1286\" alt=\"\" srcset=\"https:\/\/ginelux.com\/wp-content\/uploads\/2025\/01\/resolvemos-todas-tus-dudas-ginelux-2.png 607w, https:\/\/ginelux.com\/wp-content\/uploads\/2025\/01\/resolvemos-todas-tus-dudas-ginelux-2-278x300.png 278w\" sizes=\"(max-width: 607px) 100vw, 607px\" \/>\t\t\t\t\t\t\t\t\t\t\t\t\t\t\t<\/div>\n\t\t\t\t<\/div>\n\t\t\t\t<\/div>\n\t\t\t\t<\/div>\n\t\t\t\t\t<\/div>\n\t\t\t\t<\/div>\n\t\t\t\t<\/div>\n\t\t","protected":false},"excerpt":{"rendered":"<p>Kontakt Wir w\u00fcrden gerne mit Ihnen sprechen Schreiben Sie uns, wenn Sie Fragen zu unseren Dienstleistungen haben. Wir sind gerne f\u00fcr Sie da. Ich bin bereits Patient Anfrage erster Termin Name E-Mail Telefon Nachricht Senden Kontaktieren Sie uns Wir w\u00fcrden gerne mit Ihnen sprechen<\/p>","protected":false},"author":2,"featured_media":0,"parent":0,"menu_order":0,"comment_status":"closed","ping_status":"closed","template":"","meta":{"_acf_changed":false,"footnotes":""},"class_list":["post-518","page","type-page","status-publish","hentry"],"acf":[],"yoast_head":"<!-- This site is optimized with the Yoast SEO plugin v27.2 - https:\/\/yoast.com\/product\/yoast-seo-wordpress\/ -->\n<title>Contacto - Ginelux<\/title>\n<meta name=\"description\" content=\"\u00bfTienes dudas o necesitas informaci\u00f3n? Cont\u00e1ctanos hoy mismo en Las Palmas o Telde. Estaremos encantados de ayudarte. Reserva tu cita | Ginelux\" \/>\n<meta name=\"robots\" content=\"index, follow, max-snippet:-1, max-image-preview:large, max-video-preview:-1\" \/>\n<link rel=\"canonical\" href=\"https:\/\/ginelux.com\/de\/kontakt\/\" \/>\n<meta property=\"og:locale\" content=\"de_DE\" \/>\n<meta property=\"og:type\" content=\"article\" \/>\n<meta property=\"og:title\" content=\"Contacto - Ginelux\" \/>\n<meta property=\"og:description\" content=\"\u00bfTienes dudas o necesitas informaci\u00f3n? Cont\u00e1ctanos hoy mismo en Las Palmas o Telde. Estaremos encantados de ayudarte. Reserva tu cita | Ginelux\" \/>\n<meta property=\"og:url\" content=\"https:\/\/ginelux.com\/de\/kontakt\/\" \/>\n<meta property=\"og:site_name\" content=\"Ginelux\" \/>\n<meta property=\"article:modified_time\" content=\"2026-02-09T08:46:11+00:00\" \/>\n<meta property=\"og:image\" content=\"https:\/\/ginelux.com\/wp-content\/uploads\/2025\/01\/resolvemos-todas-tus-dudas-ginelux-2.png\" \/>\n\t<meta property=\"og:image:width\" content=\"607\" \/>\n\t<meta property=\"og:image:height\" content=\"654\" \/>\n\t<meta property=\"og:image:type\" content=\"image\/png\" \/>\n<meta name=\"twitter:card\" content=\"summary_large_image\" \/>\n<meta name=\"twitter:label1\" content=\"Gesch\u00e4tzte Lesezeit\" \/>\n\t<meta name=\"twitter:data1\" content=\"1\u00a0Minute\" \/>\n<script type=\"application\/ld+json\" class=\"yoast-schema-graph\">{\"@context\":\"https:\/\/schema.org\",\"@graph\":[{\"@type\":\"WebPage\",\"@id\":\"https:\/\/ginelux.com\/contacto\/\",\"url\":\"https:\/\/ginelux.com\/contacto\/\",\"name\":\"Contacto - Ginelux\",\"isPartOf\":{\"@id\":\"https:\/\/www.ginelux.com\/#website\"},\"primaryImageOfPage\":{\"@id\":\"https:\/\/ginelux.com\/contacto\/#primaryimage\"},\"image\":{\"@id\":\"https:\/\/ginelux.com\/contacto\/#primaryimage\"},\"thumbnailUrl\":\"https:\/\/ginelux.com\/wp-content\/uploads\/2025\/01\/resolvemos-todas-tus-dudas-ginelux-2.png\",\"datePublished\":\"2024-11-21T13:17:30+00:00\",\"dateModified\":\"2026-02-09T08:46:11+00:00\",\"description\":\"\u00bfTienes dudas o necesitas informaci\u00f3n? Cont\u00e1ctanos hoy mismo en Las Palmas o Telde. Estaremos encantados de ayudarte. Reserva tu cita | Ginelux\",\"breadcrumb\":{\"@id\":\"https:\/\/ginelux.com\/contacto\/#breadcrumb\"},\"inLanguage\":\"de\",\"potentialAction\":[{\"@type\":\"ReadAction\",\"target\":[\"https:\/\/ginelux.com\/contacto\/\"]}]},{\"@type\":\"ImageObject\",\"inLanguage\":\"de\",\"@id\":\"https:\/\/ginelux.com\/contacto\/#primaryimage\",\"url\":\"https:\/\/ginelux.com\/wp-content\/uploads\/2025\/01\/resolvemos-todas-tus-dudas-ginelux-2.png\",\"contentUrl\":\"https:\/\/ginelux.com\/wp-content\/uploads\/2025\/01\/resolvemos-todas-tus-dudas-ginelux-2.png\"},{\"@type\":\"BreadcrumbList\",\"@id\":\"https:\/\/ginelux.com\/contacto\/#breadcrumb\",\"itemListElement\":[{\"@type\":\"ListItem\",\"position\":1,\"name\":\"Home\",\"item\":\"https:\/\/ginelux.com\/\"},{\"@type\":\"ListItem\",\"position\":2,\"name\":\"Contacto\"}]},{\"@type\":\"WebSite\",\"@id\":\"https:\/\/www.ginelux.com\/#website\",\"url\":\"https:\/\/www.ginelux.com\/\",\"name\":\"Ginelux\",\"description\":\"Tu ginec\u00f3logo en Las Palmas. Todos los cuidados para la mujer\",\"publisher\":{\"@id\":\"https:\/\/www.ginelux.com\/#organization\"},\"potentialAction\":[{\"@type\":\"SearchAction\",\"target\":{\"@type\":\"EntryPoint\",\"urlTemplate\":\"https:\/\/www.ginelux.com\/?s={search_term_string}\"},\"query-input\":{\"@type\":\"PropertyValueSpecification\",\"valueRequired\":true,\"valueName\":\"search_term_string\"}}],\"inLanguage\":\"de\"},{\"@type\":[\"Organization\",\"Place\",\"MedicalOrganization\"],\"@id\":\"https:\/\/www.ginelux.com\/#organization\",\"name\":\"Ginelux\",\"url\":\"https:\/\/www.ginelux.com\/\",\"logo\":{\"@id\":\"https:\/\/ginelux.com\/contacto\/#local-main-organization-logo\"},\"image\":{\"@id\":\"https:\/\/ginelux.com\/contacto\/#local-main-organization-logo\"},\"telephone\":[],\"openingHoursSpecification\":[{\"@type\":\"OpeningHoursSpecification\",\"dayOfWeek\":[\"Monday\",\"Tuesday\",\"Wednesday\",\"Thursday\",\"Friday\",\"Saturday\",\"Sunday\"],\"opens\":\"09:00\",\"closes\":\"17:00\"}]},{\"@type\":\"ImageObject\",\"inLanguage\":\"de\",\"@id\":\"https:\/\/ginelux.com\/contacto\/#local-main-organization-logo\",\"url\":\"https:\/\/ginelux.com\/wp-content\/uploads\/2024\/10\/image-10.svg\",\"contentUrl\":\"https:\/\/ginelux.com\/wp-content\/uploads\/2024\/10\/image-10.svg\",\"width\":174,\"height\":49,\"caption\":\"Ginelux\"}]}<\/script>\n<!-- \/ Yoast SEO plugin. -->","yoast_head_json":{"title":"Kontakt - Ginelux","description":"Haben Sie Fragen oder ben\u00f6tigen Sie Informationen? Kontaktieren Sie uns noch heute in Las Palmas oder Telde. Wir werden Ihnen gerne weiterhelfen. Buchen Sie Ihren Termin : Ginelux","robots":{"index":"index","follow":"follow","max-snippet":"max-snippet:-1","max-image-preview":"max-image-preview:large","max-video-preview":"max-video-preview:-1"},"canonical":"https:\/\/ginelux.com\/de\/kontakt\/","og_locale":"de_DE","og_type":"article","og_title":"Contacto - Ginelux","og_description":"\u00bfTienes dudas o necesitas informaci\u00f3n? Cont\u00e1ctanos hoy mismo en Las Palmas o Telde. Estaremos encantados de ayudarte. Reserva tu cita | Ginelux","og_url":"https:\/\/ginelux.com\/de\/kontakt\/","og_site_name":"Ginelux","article_modified_time":"2026-02-09T08:46:11+00:00","og_image":[{"width":607,"height":654,"url":"https:\/\/ginelux.com\/wp-content\/uploads\/2025\/01\/resolvemos-todas-tus-dudas-ginelux-2.png","type":"image\/png"}],"twitter_card":"summary_large_image","twitter_misc":{"Gesch\u00e4tzte Lesezeit":"1\u00a0Minute"},"schema":{"@context":"https:\/\/schema.org","@graph":[{"@type":"WebPage","@id":"https:\/\/ginelux.com\/contacto\/","url":"https:\/\/ginelux.com\/contacto\/","name":"Kontakt - Ginelux","isPartOf":{"@id":"https:\/\/www.ginelux.com\/#website"},"primaryImageOfPage":{"@id":"https:\/\/ginelux.com\/contacto\/#primaryimage"},"image":{"@id":"https:\/\/ginelux.com\/contacto\/#primaryimage"},"thumbnailUrl":"https:\/\/ginelux.com\/wp-content\/uploads\/2025\/01\/resolvemos-todas-tus-dudas-ginelux-2.png","datePublished":"2024-11-21T13:17:30+00:00","dateModified":"2026-02-09T08:46:11+00:00","description":"Haben Sie Fragen oder ben\u00f6tigen Sie Informationen? Kontaktieren Sie uns noch heute in Las Palmas oder Telde. Wir werden Ihnen gerne weiterhelfen. Buchen Sie Ihren Termin : Ginelux","breadcrumb":{"@id":"https:\/\/ginelux.com\/contacto\/#breadcrumb"},"inLanguage":"de","potentialAction":[{"@type":"ReadAction","target":["https:\/\/ginelux.com\/contacto\/"]}]},{"@type":"ImageObject","inLanguage":"de","@id":"https:\/\/ginelux.com\/contacto\/#primaryimage","url":"https:\/\/ginelux.com\/wp-content\/uploads\/2025\/01\/resolvemos-todas-tus-dudas-ginelux-2.png","contentUrl":"https:\/\/ginelux.com\/wp-content\/uploads\/2025\/01\/resolvemos-todas-tus-dudas-ginelux-2.png"},{"@type":"BreadcrumbList","@id":"https:\/\/ginelux.com\/contacto\/#breadcrumb","itemListElement":[{"@type":"ListItem","position":1,"name":"Home","item":"https:\/\/ginelux.com\/"},{"@type":"ListItem","position":2,"name":"Contacto"}]},{"@type":"WebSite","@id":"https:\/\/www.ginelux.com\/#website","url":"https:\/\/www.ginelux.com\/","name":"Ginelux","description":"Ihr Gyn\u00e4kologe in Las Palmas. Die ganze Pflege f\u00fcr Frauen","publisher":{"@id":"https:\/\/www.ginelux.com\/#organization"},"potentialAction":[{"@type":"SearchAction","target":{"@type":"EntryPoint","urlTemplate":"https:\/\/www.ginelux.com\/?s={search_term_string}"},"query-input":{"@type":"PropertyValueSpecification","valueRequired":true,"valueName":"search_term_string"}}],"inLanguage":"de"},{"@type":["Organization","Place","MedicalOrganization"],"@id":"https:\/\/www.ginelux.com\/#organization","name":"Ginelux","url":"https:\/\/www.ginelux.com\/","logo":{"@id":"https:\/\/ginelux.com\/contacto\/#local-main-organization-logo"},"image":{"@id":"https:\/\/ginelux.com\/contacto\/#local-main-organization-logo"},"telephone":[],"openingHoursSpecification":[{"@type":"OpeningHoursSpecification","dayOfWeek":["Monday","Tuesday","Wednesday","Thursday","Friday","Saturday","Sunday"],"opens":"09:00","closes":"17:00"}]},{"@type":"ImageObject","inLanguage":"de","@id":"https:\/\/ginelux.com\/contacto\/#local-main-organization-logo","url":"https:\/\/ginelux.com\/wp-content\/uploads\/2024\/10\/image-10.svg","contentUrl":"https:\/\/ginelux.com\/wp-content\/uploads\/2024\/10\/image-10.svg","width":174,"height":49,"caption":"Ginelux"}]}},"_links":{"self":[{"href":"https:\/\/ginelux.com\/de\/wp-json\/wp\/v2\/pages\/518","targetHints":{"allow":["GET"]}}],"collection":[{"href":"https:\/\/ginelux.com\/de\/wp-json\/wp\/v2\/pages"}],"about":[{"href":"https:\/\/ginelux.com\/de\/wp-json\/wp\/v2\/types\/page"}],"author":[{"embeddable":true,"href":"https:\/\/ginelux.com\/de\/wp-json\/wp\/v2\/users\/2"}],"replies":[{"embeddable":true,"href":"https:\/\/ginelux.com\/de\/wp-json\/wp\/v2\/comments?post=518"}],"version-history":[{"count":47,"href":"https:\/\/ginelux.com\/de\/wp-json\/wp\/v2\/pages\/518\/revisions"}],"predecessor-version":[{"id":5106,"href":"https:\/\/ginelux.com\/de\/wp-json\/wp\/v2\/pages\/518\/revisions\/5106"}],"wp:attachment":[{"href":"https:\/\/ginelux.com\/de\/wp-json\/wp\/v2\/media?parent=518"}],"curies":[{"name":"wp","href":"https:\/\/api.w.org\/{rel}","templated":true}]}}