{"id":1462,"date":"2025-01-31T13:53:11","date_gmt":"2025-01-31T13:53:11","guid":{"rendered":"https:\/?page_id=1462"},"modified":"2025-10-02T08:41:07","modified_gmt":"2025-10-02T08:41:07","slug":"rechtshinweis","status":"publish","type":"page","link":"https:\/\/ginelux.com\/de\/rechtshinweis\/","title":{"rendered":"Rechtlicher Hinweis"},"content":{"rendered":"<div data-elementor-type=\"wp-page\" data-elementor-id=\"1462\" class=\"elementor elementor-1462\" data-elementor-post-type=\"page\">\n\t\t\t\t<div class=\"elementor-element elementor-element-67091fa e-flex e-con-boxed e-con e-parent\" data-id=\"67091fa\" data-element_type=\"container\" data-e-type=\"container\">\n\t\t\t\t\t<div class=\"e-con-inner\">\n\t\t\t\t<div class=\"elementor-element elementor-element-5874cfa elementor-widget elementor-widget-text-editor\" data-id=\"5874cfa\" data-element_type=\"widget\" data-e-type=\"widget\" data-widget_type=\"text-editor.default\">\n\t\t\t\t<div class=\"elementor-widget-container\">\n\t\t\t\t\t\t\t\t\t<p class=\"p1\"><b>GESETZ \u00dcBER DIENSTE DER INFORMATIONSGESELLSCHAFT (LSSI)<\/b><\/p><p class=\"p2\">GineluxSalud S. L., verantwortlich f\u00fcr die Website, im Folgenden VERANTWORTLICHER genannt, stellt den Nutzern dieses Dokument zur Verf\u00fcgung, mit dem sie die Verpflichtungen des Gesetzes 34\/2002 vom 11. Juli \u00fcber die Dienste der Informationsgesellschaft und den elektronischen Handel (LSSICE), BOE Nr. 166, erf\u00fcllen und alle Nutzer der Website \u00fcber die Nutzungsbedingungen informieren will.<\/p><p class=\"p3\">Jede Person, die auf diese Website zugreift, \u00fcbernimmt die Rolle des Nutzers und verpflichtet sich zur Einhaltung und strikten Befolgung der hierin enthaltenen Bestimmungen sowie aller anderen m\u00f6glicherweise anwendbaren gesetzlichen Bestimmungen.<span class=\"Apple-converted-space\">\u00a0<\/span><\/p><p class=\"p2\">GineluxSalud S. L. beh\u00e4lt sich das Recht vor, jede Art von Information, die auf der Website erscheinen kann, zu \u00e4ndern, ohne dass eine Verpflichtung zur vorherigen Ank\u00fcndigung oder Information der Benutzer besteht, wobei die Ver\u00f6ffentlichung auf der Website von GineluxSalud S. L. als ausreichend angesehen wird.<\/p><p class=\"p2\"><b>1. IDENTIFIKATIONSDATEN<\/b><\/p><p class=\"p4\">Dom\u00e4nenname: www.ginelux.com<\/p><p class=\"p4\">Name des Unternehmens: GineluxSalud S. L.<span class=\"Apple-converted-space\">\u00a0<\/span><\/p><p class=\"p4\">UMSATZSTEUER-IDENTIFIKATIONSNUMMER: B72855414<\/p><p class=\"p4\">Eingetragener Firmensitz: Calle Alcalde Manuel Amador Rodr\u00edguez, 4. Oficina 204. 35200 - Telde<\/p><p class=\"p4\">Telefon: 928684226<\/p><p class=\"p4\">Eingetragen im Handelsregister von Las Palmas de Gran Canaria, Band 2311, Folio 92, Seite GC-60621.<\/p><p class=\"p6\"><b>2. RECHTE AN GEISTIGEM UND GEWERBLICHEM EIGENTUM<\/b><\/p><p class=\"p6\">Die Website, einschlie\u00dflich, aber nicht beschr\u00e4nkt auf ihre Programmierung, Bearbeitung, Zusammenstellung und andere f\u00fcr ihren Betrieb notwendige Elemente, Designs, Logos, Texte und\/oder Grafiken, sind Eigentum der VERANTWORTLICHEN PARTEI oder verf\u00fcgen gegebenenfalls \u00fcber eine Lizenz oder ausdr\u00fcckliche Genehmigung der Urheber. Der gesamte Inhalt der Website ist durch die Vorschriften zum geistigen und gewerblichen Eigentum ordnungsgem\u00e4\u00df gesch\u00fctzt und in den entsprechenden \u00f6ffentlichen Registern eingetragen.<span class=\"Apple-converted-space\">\u00a0<\/span><\/p><p class=\"p6\">Unabh\u00e4ngig von dem Zweck, f\u00fcr den sie bestimmt sind, ist f\u00fcr die vollst\u00e4ndige oder teilweise Vervielf\u00e4ltigung, Nutzung, Verwertung, Verbreitung und Vermarktung in jedem Fall die vorherige schriftliche Genehmigung der VERANTWORTLICHEN PARTEI erforderlich. Jede nicht genehmigte Nutzung wird als schwerwiegende Verletzung der Rechte des Urhebers am geistigen oder gewerblichen Eigentum angesehen.<span class=\"Apple-converted-space\">\u00a0<\/span><\/p><p class=\"p6\">Die Designs, Logos, Texte und\/oder Grafiken, die nicht dem VERANTWORTLICHEN geh\u00f6ren und die auf der Website erscheinen k\u00f6nnen, geh\u00f6ren ihren jeweiligen Eigent\u00fcmern, die selbst f\u00fcr eventuelle Streitigkeiten in Bezug auf diese verantwortlich sind. Der VERANTWORTLICHE gestattet Dritten ausdr\u00fccklich, direkt auf die spezifischen Inhalte der Website zu verweisen und in jedem Fall auf die Hauptwebsite www.ginelux.com zu verweisen.<span class=\"Apple-converted-space\">\u00a0<\/span><\/p><p class=\"p6\">Der VERANTWORTLICHE erkennt die entsprechenden Rechte an geistigem und gewerblichem Eigentum zugunsten ihrer Eigent\u00fcmer an, und ihre blo\u00dfe Erw\u00e4hnung oder ihr Erscheinen auf der Website impliziert weder das Vorhandensein von Rechten oder Verantwortung an ihnen noch eine Bef\u00fcrwortung, Unterst\u00fctzung oder Empfehlung durch denselben.<\/p><p>F\u00fcr Anmerkungen zu m\u00f6glichen Verletzungen von Rechten an geistigem oder gewerblichem Eigentum sowie zu den Inhalten der Website steht Ihnen das Kontaktformular zur Verf\u00fcgung.<\/p><p class=\"p6\"><b>3. HAFTUNGSAUSSCHLUSS<\/b><\/p><p class=\"p6\">Der VERANTWORTLICHE lehnt jede Haftung f\u00fcr die auf seiner Website ver\u00f6ffentlichten Informationen ab, sofern diese Informationen von einem Dritten au\u00dferhalb der Website manipuliert oder eingegeben wurden.<\/p><p class=\"p6\"><b>Verwendung von\u00a0<i>Cookies<\/i><\/b><\/p><p class=\"p6\">Diese Website kann Folgendes verwenden\u00a0<i>Cookies<\/i>\u00a0technische Daten (kleine Informationsdateien, die der Server an den Computer der Person sendet, die die Seite aufruft), um bestimmte Funktionen auszuf\u00fchren, die f\u00fcr das ordnungsgem\u00e4\u00dfe Funktionieren und die Darstellung der Website als wesentlich angesehen werden. Die\u00a0<i>Cookies<\/i>\u00a0sind in jedem Fall vor\u00fcbergehender Natur und dienen ausschlie\u00dflich dem Zweck, das Surfen effizienter zu gestalten, und verschwinden am Ende der Sitzung des Nutzers. In jedem Fall sind diese\u00a0<i>Cookies<\/i>\u00a0selbst personenbezogene Daten zur Verf\u00fcgung stellen und nicht f\u00fcr die Erhebung personenbezogener Daten verwendet werden d\u00fcrfen.<span class=\"Apple-converted-space\">\u00a0<\/span><\/p><p class=\"p6\">Durch den Einsatz von\u00a0<i>Cookies<\/i>\u00a0Es ist auch m\u00f6glich, dass der Server, auf dem sich die Website befindet, den vom Nutzer verwendeten Browser erkennt, um das Surfen zu erleichtern und beispielsweise Nutzern, die sich zuvor registriert haben, den Zugang zu Bereichen, Diensten, Aktionen oder Wettbewerben zu erm\u00f6glichen, die ausschlie\u00dflich ihnen vorbehalten sind, ohne dass sie sich bei jedem Besuch neu registrieren m\u00fcssen. Sie k\u00f6nnen auch zur Messung des Publikums, der Verkehrsparameter, zur Kontrolle des Verlaufs und der Anzahl der Teilnahmen usw. verwendet werden, wobei in diesen F\u00e4llen\u00a0<i>Cookies<\/i>\u00a0technisch entbehrlich, aber vorteilhaft f\u00fcr den Nutzer. Diese Website wird nicht installiert\u00a0<i>Cookies<\/i>\u00a0ohne die vorherige Zustimmung des Nutzers.<\/p><p class=\"p6\">Der Nutzer hat die M\u00f6glichkeit, seinen Browser so zu konfigurieren, dass er \u00fcber den Empfang von E-Mails benachrichtigt wird.\u00a0<i>Cookies<\/i>\u00a0und seine Installation auf Ihrem Computer zu verhindern. Weitere Informationen entnehmen Sie bitte den Anweisungen Ihres Browsers.<\/p><p class=\"p6\"><b>Verkn\u00fcpfungspolitik<\/b><\/p><p class=\"p6\">Von der Website aus ist es m\u00f6glich, dass Sie zu Inhalten von Websites Dritter weitergeleitet werden. Da der VERANTWORTLICHE die Inhalte, die von Dritten auf deren jeweiligen Websites eingestellt werden, nicht immer kontrollieren kann, \u00fcbernimmt er keinerlei Verantwortung f\u00fcr diese Inhalte. In jedem Fall wird der VERANTWORTLICHE jeden Inhalt, der gegen die nationale oder internationale Gesetzgebung, die Moral oder die \u00f6ffentliche Ordnung versto\u00dfen k\u00f6nnte, unverz\u00fcglich entfernen und die Weiterleitung zu dieser Website sofort aufheben und die zust\u00e4ndigen Beh\u00f6rden \u00fcber den fraglichen Inhalt informieren.<span class=\"Apple-converted-space\">\u00a0<\/span><\/p><p class=\"p6\">Der VERANTWORTLICHE ist nicht verantwortlich f\u00fcr die Informationen und Inhalte, die in Foren, Chats, Bloggeneratoren, Kommentaren, sozialen Netzwerken oder anderen Medien gespeichert werden, die es Dritten erm\u00f6glichen, Inhalte unabh\u00e4ngig auf der Website des VERANTWORTLICHEN zu ver\u00f6ffentlichen. In \u00dcbereinstimmung mit den Bestimmungen der Artikel 11 und 16 des LSSICE stellt er sich jedoch allen Nutzern, Beh\u00f6rden und Sicherheitskr\u00e4ften zur Verf\u00fcgung, um aktiv an der Entfernung oder gegebenenfalls Sperrung aller Inhalte mitzuwirken, die die nationale oder internationale Gesetzgebung, die Rechte Dritter oder die Moral und die \u00f6ffentliche Ordnung beeintr\u00e4chtigen oder verletzen k\u00f6nnten. Sollte der Nutzer der Ansicht sein, dass sich auf der Website Inhalte befinden, die f\u00fcr diese Einstufung in Frage kommen k\u00f6nnten, ist der Administrator der Website unverz\u00fcglich zu benachrichtigen.<span class=\"Apple-converted-space\">\u00a0<\/span><\/p><p class=\"p6\">Diese Website wurde gepr\u00fcft und getestet, um sicherzustellen, dass sie korrekt funktioniert. Im Prinzip kann ihr einwandfreies Funktionieren an 365 Tagen im Jahr und 24 Stunden am Tag garantiert werden. Die VERANTWORTLICHE PARTEI schlie\u00dft jedoch die M\u00f6glichkeit bestimmter Programmierfehler oder das Auftreten von h\u00f6herer Gewalt, Naturkatastrophen, Streiks oder \u00e4hnlichen Umst\u00e4nden, die den Zugang zur Website unm\u00f6glich machen, nicht aus.<\/p><p class=\"p6\"><b>IP-Adressen<\/b><\/p><p class=\"p6\">Die Server der Website sind in der Lage, die vom Nutzer verwendete IP-Adresse und den Dom\u00e4nennamen automatisch zu erkennen. Eine IP-Adresse ist eine Nummer, die einem Computer automatisch zugewiesen wird, wenn er sich mit dem Internet verbindet. Alle diese Informationen werden in einer Server-Aktivit\u00e4tsdatei gespeichert, die eine sp\u00e4tere Verarbeitung der Daten erm\u00f6glicht, um rein statistische Messungen zu erhalten, die es erm\u00f6glichen, die Anzahl der Seitenaufrufe, die Anzahl der Besuche auf den Webservern, die Reihenfolge der Besuche, den Zugangspunkt usw. zu ermitteln.<\/p><p class=\"p6\"><b>4. ANWENDBARES RECHT UND GERICHTSBARKEIT<\/b><\/p><p class=\"p3\">F\u00fcr die Beilegung aller Streitigkeiten oder Fragen im Zusammenhang mit dieser Website oder den auf ihr durchgef\u00fchrten Aktivit\u00e4ten gilt die spanische Gesetzgebung, der sich die Parteien ausdr\u00fccklich unterwerfen, und die Gerichte in der N\u00e4he von Las Palmas de Gran Canaria sind f\u00fcr die Beilegung aller Streitigkeiten, die sich aus der Nutzung dieser Website ergeben oder damit zusammenh\u00e4ngen, zust\u00e4ndig.<\/p><p class=\"p8\"><span class=\"Apple-converted-space\">\u00a0<\/span><b>2. OBLIGATORISCHER ODER FAKULTATIVER CHARAKTER DER VOM NUTZER BEREITGESTELLTEN INFORMATIONEN<\/b><\/p><p class=\"p6\">Der BENUTZER akzeptiert durch das Ankreuzen der entsprechenden K\u00e4stchen und die Eingabe von Daten in die mit einem Sternchen (*) gekennzeichneten Felder im Kontaktformular oder in den Download-Formularen ausdr\u00fccklich und frei und unmissverst\u00e4ndlich, dass seine Daten notwendig sind, um seine Anfrage zu erf\u00fcllen, und zwar durch den Anbieter, wobei die Aufnahme von Daten in die \u00fcbrigen Felder freiwillig ist. Der BENUTZER garantiert, dass die dem VERANTWORTLICHEN zur Verf\u00fcgung gestellten pers\u00f6nlichen Daten wahrheitsgem\u00e4\u00df sind und ist daf\u00fcr verantwortlich, etwaige \u00c4nderungen mitzuteilen.<\/p><p class=\"p6\">Der VERANTWORTLICHE informiert, dass alle \u00fcber die Website angeforderten Daten obligatorisch sind, da sie f\u00fcr die Erbringung einer optimalen Dienstleistung f\u00fcr den BENUTZER erforderlich sind. F\u00fcr den Fall, dass nicht alle Daten zur Verf\u00fcgung gestellt werden, gibt es keine Garantie, dass die bereitgestellten Informationen und Dienstleistungen vollst\u00e4ndig auf Ihre Bed\u00fcrfnisse zugeschnitten sind.<\/p><p class=\"p6\"><b>3. SICHERHEITSMASSNAHMEN<\/b><\/p><p class=\"p3\">dass der VERANTWORTLICHE in \u00dcbereinstimmung mit den geltenden Vorschriften zum Schutz personenbezogener Daten alle Bestimmungen der DSGVO und der LOPDGDD f\u00fcr die Verarbeitung personenbezogener Daten unter seiner Verantwortung einh\u00e4lt und offensichtlich die in Artikel 5 der DSGVO beschriebenen Grunds\u00e4tze einh\u00e4lt, wonach die Daten rechtm\u00e4\u00dfig, nach Treu und Glauben und in transparenter Weise gegen\u00fcber der betroffenen Person verarbeitet werden und den Zwecken, f\u00fcr die sie verarbeitet werden, entsprechen, daf\u00fcr erheblich sind und auf das Notwendige beschr\u00e4nkt sind.<\/p><p class=\"p2\">Der VERANTWORTLICHE garantiert, dass er geeignete technische und organisatorische Ma\u00dfnahmen ergriffen hat, um die von der DSGVO und der LOPDGDD festgelegten Sicherheitsma\u00dfnahmen anzuwenden, um die Rechte und Freiheiten der BENUTZER zu sch\u00fctzen, und dass er ihnen die entsprechenden Informationen mitgeteilt hat, damit sie diese wahrnehmen k\u00f6nnen.<\/p><p class=\"p2\">F\u00fcr weitere Informationen \u00fcber Datenschutzgarantien k\u00f6nnen Sie den VERANTWORTLICHEN \u00fcber GineluxSalud S. L. Calle Alcalde Manuel Amador Rodr\u00edguez, 4. Oficina 204. 35200 - Telde kontaktieren.<\/p>\t\t\t\t\t\t\t\t<\/div>\n\t\t\t\t<\/div>\n\t\t\t\t\t<\/div>\n\t\t\t\t<\/div>\n\t\t\t\t<\/div>","protected":false},"excerpt":{"rendered":"<p>LEY DE LOS SERVICIOS DE LA SOCIEDAD DE LA INFORMACI\u00d3N (LSSI) GineluxSalud S. L., responsable del sitio web, en adelante RESPONSABLE, pone a disposici\u00f3n de los usuarios el presente documento, con el que pretende dar cumplimiento a las obligaciones dispuestas en la Ley 34\/2002, de 11 de julio, de Servicios de la Sociedad de la [&hellip;]<\/p>\n","protected":false},"author":2,"featured_media":0,"parent":0,"menu_order":0,"comment_status":"closed","ping_status":"closed","template":"","meta":{"_acf_changed":false,"footnotes":""},"class_list":["post-1462","page","type-page","status-publish","hentry"],"acf":[],"yoast_head":"<!-- This site is optimized with the Yoast SEO plugin v27.2 - https:\/\/yoast.com\/product\/yoast-seo-wordpress\/ -->\n<title>Aviso legal | Ginelux<\/title>\n<meta name=\"description\" content=\"Consulta nuestro aviso legal para garantizar tu seguridad y derechos.\" \/>\n<meta name=\"robots\" content=\"index, follow, max-snippet:-1, max-image-preview:large, max-video-preview:-1\" \/>\n<link rel=\"canonical\" href=\"https:\/\/ginelux.com\/de\/rechtshinweis\/\" \/>\n<meta property=\"og:locale\" content=\"de_DE\" \/>\n<meta property=\"og:type\" content=\"article\" \/>\n<meta property=\"og:title\" content=\"Aviso legal | Ginelux\" \/>\n<meta property=\"og:description\" content=\"Consulta nuestro aviso legal para garantizar tu seguridad y derechos.\" \/>\n<meta property=\"og:url\" content=\"https:\/\/ginelux.com\/de\/rechtshinweis\/\" \/>\n<meta property=\"og:site_name\" content=\"Ginelux\" \/>\n<meta property=\"article:modified_time\" content=\"2025-10-02T08:41:07+00:00\" \/>\n<meta name=\"twitter:card\" content=\"summary_large_image\" \/>\n<meta name=\"twitter:label1\" content=\"Gesch\u00e4tzte Lesezeit\" \/>\n\t<meta name=\"twitter:data1\" content=\"8\u00a0Minuten\" \/>\n<script type=\"application\/ld+json\" class=\"yoast-schema-graph\">{\"@context\":\"https:\/\/schema.org\",\"@graph\":[{\"@type\":\"WebPage\",\"@id\":\"https:\/\/ginelux.com\/aviso-legal\/\",\"url\":\"https:\/\/ginelux.com\/aviso-legal\/\",\"name\":\"Aviso legal | Ginelux\",\"isPartOf\":{\"@id\":\"https:\/\/www.ginelux.com\/#website\"},\"datePublished\":\"2025-01-31T13:53:11+00:00\",\"dateModified\":\"2025-10-02T08:41:07+00:00\",\"description\":\"Consulta nuestro aviso legal para garantizar tu seguridad y derechos.\",\"breadcrumb\":{\"@id\":\"https:\/\/ginelux.com\/aviso-legal\/#breadcrumb\"},\"inLanguage\":\"de\",\"potentialAction\":[{\"@type\":\"ReadAction\",\"target\":[\"https:\/\/ginelux.com\/aviso-legal\/\"]}]},{\"@type\":\"BreadcrumbList\",\"@id\":\"https:\/\/ginelux.com\/aviso-legal\/#breadcrumb\",\"itemListElement\":[{\"@type\":\"ListItem\",\"position\":1,\"name\":\"Home\",\"item\":\"https:\/\/ginelux.com\/\"},{\"@type\":\"ListItem\",\"position\":2,\"name\":\"Aviso legal\"}]},{\"@type\":\"WebSite\",\"@id\":\"https:\/\/www.ginelux.com\/#website\",\"url\":\"https:\/\/www.ginelux.com\/\",\"name\":\"Ginelux\",\"description\":\"Tu ginec\u00f3logo en Las Palmas. Todos los cuidados para la mujer\",\"publisher\":{\"@id\":\"https:\/\/www.ginelux.com\/#organization\"},\"potentialAction\":[{\"@type\":\"SearchAction\",\"target\":{\"@type\":\"EntryPoint\",\"urlTemplate\":\"https:\/\/www.ginelux.com\/?s={search_term_string}\"},\"query-input\":{\"@type\":\"PropertyValueSpecification\",\"valueRequired\":true,\"valueName\":\"search_term_string\"}}],\"inLanguage\":\"de\"},{\"@type\":[\"Organization\",\"Place\",\"MedicalOrganization\"],\"@id\":\"https:\/\/www.ginelux.com\/#organization\",\"name\":\"Ginelux\",\"url\":\"https:\/\/www.ginelux.com\/\",\"logo\":{\"@id\":\"https:\/\/ginelux.com\/aviso-legal\/#local-main-organization-logo\"},\"image\":{\"@id\":\"https:\/\/ginelux.com\/aviso-legal\/#local-main-organization-logo\"},\"telephone\":[],\"openingHoursSpecification\":[{\"@type\":\"OpeningHoursSpecification\",\"dayOfWeek\":[\"Monday\",\"Tuesday\",\"Wednesday\",\"Thursday\",\"Friday\",\"Saturday\",\"Sunday\"],\"opens\":\"09:00\",\"closes\":\"17:00\"}]},{\"@type\":\"ImageObject\",\"inLanguage\":\"de\",\"@id\":\"https:\/\/ginelux.com\/aviso-legal\/#local-main-organization-logo\",\"url\":\"https:\/\/ginelux.com\/wp-content\/uploads\/2024\/10\/image-10.svg\",\"contentUrl\":\"https:\/\/ginelux.com\/wp-content\/uploads\/2024\/10\/image-10.svg\",\"width\":174,\"height\":49,\"caption\":\"Ginelux\"}]}<\/script>\n<!-- \/ Yoast SEO plugin. -->","yoast_head_json":{"title":"Rechtliche Hinweise | Ginelux","description":"Bitte beachten Sie unsere rechtlichen Hinweise, um Ihre Sicherheit und Ihre Rechte zu gew\u00e4hrleisten.","robots":{"index":"index","follow":"follow","max-snippet":"max-snippet:-1","max-image-preview":"max-image-preview:large","max-video-preview":"max-video-preview:-1"},"canonical":"https:\/\/ginelux.com\/de\/rechtshinweis\/","og_locale":"de_DE","og_type":"article","og_title":"Aviso legal | Ginelux","og_description":"Consulta nuestro aviso legal para garantizar tu seguridad y derechos.","og_url":"https:\/\/ginelux.com\/de\/rechtshinweis\/","og_site_name":"Ginelux","article_modified_time":"2025-10-02T08:41:07+00:00","twitter_card":"summary_large_image","twitter_misc":{"Gesch\u00e4tzte Lesezeit":"8\u00a0Minuten"},"schema":{"@context":"https:\/\/schema.org","@graph":[{"@type":"WebPage","@id":"https:\/\/ginelux.com\/aviso-legal\/","url":"https:\/\/ginelux.com\/aviso-legal\/","name":"Rechtliche Hinweise | Ginelux","isPartOf":{"@id":"https:\/\/www.ginelux.com\/#website"},"datePublished":"2025-01-31T13:53:11+00:00","dateModified":"2025-10-02T08:41:07+00:00","description":"Bitte beachten Sie unsere rechtlichen Hinweise, um Ihre Sicherheit und Ihre Rechte zu gew\u00e4hrleisten.","breadcrumb":{"@id":"https:\/\/ginelux.com\/aviso-legal\/#breadcrumb"},"inLanguage":"de","potentialAction":[{"@type":"ReadAction","target":["https:\/\/ginelux.com\/aviso-legal\/"]}]},{"@type":"BreadcrumbList","@id":"https:\/\/ginelux.com\/aviso-legal\/#breadcrumb","itemListElement":[{"@type":"ListItem","position":1,"name":"Home","item":"https:\/\/ginelux.com\/"},{"@type":"ListItem","position":2,"name":"Aviso legal"}]},{"@type":"WebSite","@id":"https:\/\/www.ginelux.com\/#website","url":"https:\/\/www.ginelux.com\/","name":"Ginelux","description":"Ihr Gyn\u00e4kologe in Las Palmas. Die ganze Pflege f\u00fcr Frauen","publisher":{"@id":"https:\/\/www.ginelux.com\/#organization"},"potentialAction":[{"@type":"SearchAction","target":{"@type":"EntryPoint","urlTemplate":"https:\/\/www.ginelux.com\/?s={search_term_string}"},"query-input":{"@type":"PropertyValueSpecification","valueRequired":true,"valueName":"search_term_string"}}],"inLanguage":"de"},{"@type":["Organization","Place","MedicalOrganization"],"@id":"https:\/\/www.ginelux.com\/#organization","name":"Ginelux","url":"https:\/\/www.ginelux.com\/","logo":{"@id":"https:\/\/ginelux.com\/aviso-legal\/#local-main-organization-logo"},"image":{"@id":"https:\/\/ginelux.com\/aviso-legal\/#local-main-organization-logo"},"telephone":[],"openingHoursSpecification":[{"@type":"OpeningHoursSpecification","dayOfWeek":["Monday","Tuesday","Wednesday","Thursday","Friday","Saturday","Sunday"],"opens":"09:00","closes":"17:00"}]},{"@type":"ImageObject","inLanguage":"de","@id":"https:\/\/ginelux.com\/aviso-legal\/#local-main-organization-logo","url":"https:\/\/ginelux.com\/wp-content\/uploads\/2024\/10\/image-10.svg","contentUrl":"https:\/\/ginelux.com\/wp-content\/uploads\/2024\/10\/image-10.svg","width":174,"height":49,"caption":"Ginelux"}]}},"_links":{"self":[{"href":"https:\/\/ginelux.com\/de\/wp-json\/wp\/v2\/pages\/1462","targetHints":{"allow":["GET"]}}],"collection":[{"href":"https:\/\/ginelux.com\/de\/wp-json\/wp\/v2\/pages"}],"about":[{"href":"https:\/\/ginelux.com\/de\/wp-json\/wp\/v2\/types\/page"}],"author":[{"embeddable":true,"href":"https:\/\/ginelux.com\/de\/wp-json\/wp\/v2\/users\/2"}],"replies":[{"embeddable":true,"href":"https:\/\/ginelux.com\/de\/wp-json\/wp\/v2\/comments?post=1462"}],"version-history":[{"count":7,"href":"https:\/\/ginelux.com\/de\/wp-json\/wp\/v2\/pages\/1462\/revisions"}],"predecessor-version":[{"id":1469,"href":"https:\/\/ginelux.com\/de\/wp-json\/wp\/v2\/pages\/1462\/revisions\/1469"}],"wp:attachment":[{"href":"https:\/\/ginelux.com\/de\/wp-json\/wp\/v2\/media?parent=1462"}],"curies":[{"name":"wp","href":"https:\/\/api.w.org\/{rel}","templated":true}]}}